{"id":6403,"date":"2019-01-17T15:49:03","date_gmt":"2019-01-17T14:49:03","guid":{"rendered":"https:\/\/fwarchitect.eu\/public\/lang-fr\/?page_id=6403"},"modified":"2020-11-27T14:59:56","modified_gmt":"2020-11-27T13:59:56","slug":"inscription","status":"publish","type":"page","link":"https:\/\/fwarchitect.eu\/public\/lang-fr\/inscription\/","title":{"rendered":"Inscription"},"content":{"rendered":"[vc_row type=\u00a0\u00bbin_container\u00a0\u00bb full_screen_row_position=\u00a0\u00bbmiddle\u00a0\u00bb scene_position=\u00a0\u00bbcenter\u00a0\u00bb text_color=\u00a0\u00bbdark\u00a0\u00bb text_align=\u00a0\u00bbleft\u00a0\u00bb top_padding=\u00a0\u00bb7%\u00a0\u00bb bottom_padding=\u00a0\u00bb7%\u00a0\u00bb overlay_strength=\u00a0\u00bb0.3&Prime; shape_divider_position=\u00a0\u00bbbottom\u00a0\u00bb bg_image_animation=\u00a0\u00bbnone\u00a0\u00bb shape_type=\u00a0\u00bb\u00a0\u00bb][vc_column column_padding=\u00a0\u00bbpadding-7-percent\u00a0\u00bb column_padding_position=\u00a0\u00bbleft-right\u00a0\u00bb background_color_opacity=\u00a0\u00bb1&Prime; background_hover_color_opacity=\u00a0\u00bb1&Prime; column_link_target=\u00a0\u00bb_self\u00a0\u00bb column_shadow=\u00a0\u00bbnone\u00a0\u00bb column_border_radius=\u00a0\u00bbnone\u00a0\u00bb width=\u00a0\u00bb1\/1&Prime; tablet_width_inherit=\u00a0\u00bbdefault\u00a0\u00bb tablet_text_alignment=\u00a0\u00bbdefault\u00a0\u00bb phone_text_alignment=\u00a0\u00bbdefault\u00a0\u00bb column_border_width=\u00a0\u00bbnone\u00a0\u00bb column_border_style=\u00a0\u00bbsolid\u00a0\u00bb bg_image_animation=\u00a0\u00bbnone\u00a0\u00bb][vc_row_inner column_margin=\u00a0\u00bbdefault\u00a0\u00bb text_align=\u00a0\u00bbleft\u00a0\u00bb][vc_column_inner column_padding=\u00a0\u00bbno-extra-padding\u00a0\u00bb column_padding_position=\u00a0\u00bball\u00a0\u00bb background_color_opacity=\u00a0\u00bb1&Prime; background_hover_color_opacity=\u00a0\u00bb1&Prime; font_color=\u00a0\u00bb#000000&Prime; column_shadow=\u00a0\u00bbnone\u00a0\u00bb column_border_radius=\u00a0\u00bbnone\u00a0\u00bb column_link_target=\u00a0\u00bb_self\u00a0\u00bb width=\u00a0\u00bb1\/1&Prime; tablet_width_inherit=\u00a0\u00bbdefault\u00a0\u00bb column_border_width=\u00a0\u00bbnone\u00a0\u00bb column_border_style=\u00a0\u00bbsolid\u00a0\u00bb bg_image_animation=\u00a0\u00bbnone\u00a0\u00bb][vc_column_text]\n<p style=\"text-align: center; font-size: 30px; line-height: 40px;\"><strong>D\u00e9cid\u00e9(e) \u00e0 nous rejoindre ? Merci et bienvenue !<\/strong><\/p>\n[\/vc_column_text][\/vc_column_inner][\/vc_row_inner][vc_row_inner column_margin=\u00a0\u00bbdefault\u00a0\u00bb text_align=\u00a0\u00bbleft\u00a0\u00bb][vc_column_inner column_padding=\u00a0\u00bbno-extra-padding\u00a0\u00bb column_padding_position=\u00a0\u00bball\u00a0\u00bb background_color_opacity=\u00a0\u00bb1&Prime; background_hover_color_opacity=\u00a0\u00bb1&Prime; column_shadow=\u00a0\u00bbnone\u00a0\u00bb column_border_radius=\u00a0\u00bbnone\u00a0\u00bb column_link_target=\u00a0\u00bb_self\u00a0\u00bb width=\u00a0\u00bb1\/1&Prime; tablet_width_inherit=\u00a0\u00bbdefault\u00a0\u00bb column_border_width=\u00a0\u00bbnone\u00a0\u00bb column_border_style=\u00a0\u00bbsolid\u00a0\u00bb bg_image_animation=\u00a0\u00bbnone\u00a0\u00bb][vc_column_text css=\u00a0\u00bb.vc_custom_1572520651558{padding-top: 15px !important;padding-right: 15px !important;padding-bottom: 15px !important;padding-left: 15px !important;}\u00a0\u00bb]\n<p style=\"text-align: center;\">Avant de vous lancer, nous souhaitons vous prot\u00e9ger des risques encourus avec le trading. Pour que vous en soyez bien inform\u00e9(e), nous vous prions de prendre connaissance des mises en garde de l&rsquo;AMF &#8211; <em>Autorit\u00e9 des March\u00e9s Financiers<\/em> &#8211; et de reconna\u00eetre que vous \u00eates majeur(e) avant de poursuivre votre inscription.<\/p>\n<p style=\"text-align: center; font-size: 20px; line-height: 30px; color: #000000;\"><strong>Merci de bien lire les informations ci-dessous<\/strong><\/p>\n[\/vc_column_text][\/vc_column_inner][\/vc_row_inner][\/vc_column][\/vc_row][vc_row type=\u00a0\u00bbfull_width_background\u00a0\u00bb full_screen_row_position=\u00a0\u00bbmiddle\u00a0\u00bb bg_image=\u00a0\u00bb7008&Prime; bg_position=\u00a0\u00bbleft top\u00a0\u00bb bg_repeat=\u00a0\u00bbno-repeat\u00a0\u00bb scene_position=\u00a0\u00bbcenter\u00a0\u00bb text_color=\u00a0\u00bbdark\u00a0\u00bb text_align=\u00a0\u00bbleft\u00a0\u00bb top_padding=\u00a0\u00bb50&Prime; bottom_padding=\u00a0\u00bb50&Prime; enable_gradient=\u00a0\u00bbtrue\u00a0\u00bb color_overlay=\u00a0\u00bb#bbbbbb\u00a0\u00bb color_overlay_2=\u00a0\u00bb#314eae\u00a0\u00bb gradient_direction=\u00a0\u00bbleft_t_to_right_b\u00a0\u00bb overlay_strength=\u00a0\u00bb0.8&Prime; enable_shape_divider=\u00a0\u00bbtrue\u00a0\u00bb shape_divider_position=\u00a0\u00bbboth\u00a0\u00bb shape_divider_height=\u00a0\u00bb30&Prime; bg_image_animation=\u00a0\u00bbnone\u00a0\u00bb shape_type=\u00a0\u00bbtilt_alt\u00a0\u00bb][vc_column column_padding=\u00a0\u00bbpadding-5-percent\u00a0\u00bb column_padding_position=\u00a0\u00bball\u00a0\u00bb background_color_opacity=\u00a0\u00bb1&Prime; background_hover_color_opacity=\u00a0\u00bb1&Prime; font_color=\u00a0\u00bb#ffffff\u00a0\u00bb column_link_target=\u00a0\u00bb_self\u00a0\u00bb column_shadow=\u00a0\u00bbnone\u00a0\u00bb column_border_radius=\u00a0\u00bbnone\u00a0\u00bb width=\u00a0\u00bb1\/1&Prime; tablet_width_inherit=\u00a0\u00bbdefault\u00a0\u00bb tablet_text_alignment=\u00a0\u00bbdefault\u00a0\u00bb phone_text_alignment=\u00a0\u00bbdefault\u00a0\u00bb column_border_width=\u00a0\u00bbnone\u00a0\u00bb column_border_style=\u00a0\u00bbsolid\u00a0\u00bb bg_image_animation=\u00a0\u00bbnone\u00a0\u00bb][vc_column_text css=\u00a0\u00bb.vc_custom_1556035398419{padding-top: 15px !important;padding-right: 15px !important;padding-bottom: 15px !important;padding-left: 15px !important;}\u00a0\u00bb]<strong>D\u2019une mani\u00e8re g\u00e9n\u00e9rale, l\u2019AMF invite les \u00e9pargnants \u00e0 appliquer des r\u00e8gles de vigilance avant tout investissement :<\/strong>[\/vc_column_text]<div class=\"nectar-fancy-ul\" data-list-icon=\"fa fa-angle-right\" data-animation=\"true\" data-animation-delay=\"0\" data-color=\"extra-color-1\" data-spacing=\"default\" data-alignment=\"left\"> \n<ul>\n<li>Aucun discours commercial ne doit faire oublier qu\u2019il n\u2019existe pas de rendement \u00e9lev\u00e9 sans risque \u00e9lev\u00e9 ;<\/li>\n<li>Obtenez un socle minimal d\u2019informations sur les soci\u00e9t\u00e9s ou interm\u00e9diaires qui vous proposent le produit (identit\u00e9 sociale, pays d\u2019\u00e9tablissement, responsabilit\u00e9 civile, r\u00e8gles d\u2019organisation, etc.) &#8211; <strong>Vous pouvez trouver toutes nos informations l\u00e9gales <a style=\"color: #ff0000;\" href=\"https:\/\/fwarchitect.eu\/public\/lang-fr\/fwa-reglementation\/\" target=\"_blank\" rel=\"noopener noreferrer\">ICI<\/a><\/strong> ;<\/li>\n<li>N\u2019investissez que dans ce que vous comprenez ;<\/li>\n<li>Posez-vous la question de savoir comment est r\u00e9alis\u00e9e la valorisation du produit propos\u00e9 (prix d\u2019achat ou prix de vente), renseignez-vous pr\u00e9cis\u00e9ment sur les modalit\u00e9s de revente du produit et les d\u00e9lais li\u00e9s, notamment dans le cas o\u00f9 le produit investit sur une classe d\u2019actifs peu liquide.<\/li>\n<\/ul>\n <\/div>[vc_column_text css=\u00a0\u00bb.vc_custom_1572187118675{padding-top: 15px !important;padding-right: 15px !important;padding-bottom: 15px !important;padding-left: 15px !important;}\u00a0\u00bb]<em>\u00c0 propos de l\u2019AMF :<\/em><br \/>\n<em>Autorit\u00e9 publique ind\u00e9pendante, l\u2019AMF est charg\u00e9e de veiller \u00e0 la protection de l\u2019\u00e9pargne investie en produits financiers, \u00e0 l\u2019information des investisseurs et au bon fonctionnement des march\u00e9s.\u00a0<\/em><a href=\"http:\/\/www.amf-france.org\/Formulaires-et-declarations\/Contact.html?lst_select_form_theme_id=contact\" target=\"_blank\" rel=\"noopener noreferrer\">Contacter l&rsquo;AMF<\/a> &#8211; <a href=\"http:\/\/www.amf-france.org\/\" target=\"_blank\" rel=\"noopener noreferrer\">www.amf-france.org<\/a>[\/vc_column_text][vc_column_text css=\u00a0\u00bb.vc_custom_1556036466661{padding-top: 15px !important;padding-right: 15px !important;padding-bottom: 15px !important;padding-left: 15px !important;}\u00a0\u00bb]\n<p style=\"text-align: left;\">Si vous \u00eates t\u00e9moin d&rsquo;un comportement qui ne vous semble pas ad\u00e9quat avec ces avertissements, merci de bien vouloir nous le signaler \u00e0 <a href=\"mailto:contact@fwarchitect.eu\">contact@fwarchitect.eu<\/a>.<\/p>\n[\/vc_column_text][\/vc_column][\/vc_row][vc_row type=\u00a0\u00bbin_container\u00a0\u00bb full_screen_row_position=\u00a0\u00bbmiddle\u00a0\u00bb scene_position=\u00a0\u00bbcenter\u00a0\u00bb text_color=\u00a0\u00bbdark\u00a0\u00bb text_align=\u00a0\u00bbleft\u00a0\u00bb top_padding=\u00a0\u00bb7%\u00a0\u00bb overlay_strength=\u00a0\u00bb0.3&Prime; shape_divider_position=\u00a0\u00bbbottom\u00a0\u00bb bg_image_animation=\u00a0\u00bbnone\u00a0\u00bb shape_type=\u00a0\u00bb\u00a0\u00bb][vc_column centered_text=\u00a0\u00bbtrue\u00a0\u00bb column_padding=\u00a0\u00bbno-extra-padding\u00a0\u00bb column_padding_position=\u00a0\u00bball\u00a0\u00bb background_color_opacity=\u00a0\u00bb1&Prime; background_hover_color_opacity=\u00a0\u00bb1&Prime; column_link_target=\u00a0\u00bb_self\u00a0\u00bb column_shadow=\u00a0\u00bbnone\u00a0\u00bb column_border_radius=\u00a0\u00bbnone\u00a0\u00bb width=\u00a0\u00bb1\/4&Prime; tablet_width_inherit=\u00a0\u00bbdefault\u00a0\u00bb tablet_text_alignment=\u00a0\u00bbdefault\u00a0\u00bb phone_text_alignment=\u00a0\u00bbdefault\u00a0\u00bb column_border_width=\u00a0\u00bbnone\u00a0\u00bb column_border_style=\u00a0\u00bbsolid\u00a0\u00bb bg_image_animation=\u00a0\u00bbnone\u00a0\u00bb][\/vc_column][vc_column centered_text=\u00a0\u00bbtrue\u00a0\u00bb column_padding=\u00a0\u00bbno-extra-padding\u00a0\u00bb column_padding_position=\u00a0\u00bball\u00a0\u00bb background_color_opacity=\u00a0\u00bb1&Prime; background_hover_color_opacity=\u00a0\u00bb1&Prime; column_link_target=\u00a0\u00bb_self\u00a0\u00bb column_shadow=\u00a0\u00bbnone\u00a0\u00bb column_border_radius=\u00a0\u00bbnone\u00a0\u00bb width=\u00a0\u00bb1\/2&Prime; tablet_width_inherit=\u00a0\u00bbdefault\u00a0\u00bb tablet_text_alignment=\u00a0\u00bbdefault\u00a0\u00bb phone_text_alignment=\u00a0\u00bbdefault\u00a0\u00bb column_border_width=\u00a0\u00bbnone\u00a0\u00bb column_border_style=\u00a0\u00bbsolid\u00a0\u00bb bg_image_animation=\u00a0\u00bbnone\u00a0\u00bb][vc_column_text]\n<p style=\"text-align: center; font-size: 30px; line-height: 40px;\"><strong><span style=\"color: #4885ed;\">G<\/span><span style=\"color: #db3236;\">o<\/span><span style=\"color: #f4c20d;\">o<\/span><span style=\"color: #4885ed;\">g<\/span><span style=\"color: #3cba54;\">l<\/span><span style=\"color: #db3236;\">e<\/span> <span style=\"color: #dddddd;\">\u2022<\/span> <span style=\"color: #3b5998;\">Facebook<\/span> <span style=\"color: #dddddd;\">\u2022<\/span> <span style=\"color: #0077b5;\">LinkedIn<\/span><\/strong><\/p>\n<p style=\"text-align: center;\">La cr\u00e9ation de votre compte FWA se fait exclusivement via l&rsquo;un de vos r\u00e9seaux sociaux.<\/p>\n<p style=\"text-align: center;\">Le bouton ci-dessous vous redirige sur la page de connexion \u00e0 l&rsquo;environnement FWA. Il vous suffit de s\u00e9lectionner votre r\u00e9seau social pr\u00e9f\u00e9r\u00e9 et la cr\u00e9ation de votre compte sera imm\u00e9diate.<\/p>\n<p><img decoding=\"async\" style=\"width: 23px; height: 23px;\" src=\"https:\/\/become.fwarchitect.eu\/wp-content\/uploads\/2019\/04\/5847f9cbcef1014c0b5e48c8.png\" \/> <img decoding=\"async\" style=\"width: 25px; height: 25px;\" src=\"https:\/\/become.fwarchitect.eu\/wp-content\/uploads\/2019\/04\/facebook_circle-512.png\" \/> <img decoding=\"async\" style=\"width: 25px; height: 25px;\" src=\"https:\/\/become.fwarchitect.eu\/wp-content\/uploads\/2019\/04\/linkedin_circle-512.png\" \/>[\/vc_column_text][nectar_btn size=\u00a0\u00bbjumbo\u00a0\u00bb button_style=\u00a0\u00bbregular\u00a0\u00bb button_color_2=\u00a0\u00bbAccent-Color\u00a0\u00bb solid_text_color_override=\u00a0\u00bb#ffffff\u00a0\u00bb icon_family=\u00a0\u00bbnone\u00a0\u00bb text=\u00a0\u00bbJ&rsquo;AI COMPRIS, JE M&rsquo;INSCRIS\u00a0\u00bb css_animation=\u00a0\u00bbflash\u00a0\u00bb url=\u00a0\u00bbhttps:\/\/account.fwarchitect.eu\/master-login-redirect\/?action=goto-login\u00a0\u00bb][\/vc_column][vc_column column_padding=\u00a0\u00bbno-extra-padding\u00a0\u00bb column_padding_position=\u00a0\u00bball\u00a0\u00bb background_color_opacity=\u00a0\u00bb1&Prime; background_hover_color_opacity=\u00a0\u00bb1&Prime; column_link_target=\u00a0\u00bb_self\u00a0\u00bb column_shadow=\u00a0\u00bbnone\u00a0\u00bb column_border_radius=\u00a0\u00bbnone\u00a0\u00bb width=\u00a0\u00bb1\/4&Prime; tablet_width_inherit=\u00a0\u00bbdefault\u00a0\u00bb tablet_text_alignment=\u00a0\u00bbdefault\u00a0\u00bb phone_text_alignment=\u00a0\u00bbdefault\u00a0\u00bb column_border_width=\u00a0\u00bbnone\u00a0\u00bb column_border_style=\u00a0\u00bbsolid\u00a0\u00bb bg_image_animation=\u00a0\u00bbnone\u00a0\u00bb][\/vc_column][\/vc_row][vc_row type=\u00a0\u00bbin_container\u00a0\u00bb full_screen_row_position=\u00a0\u00bbmiddle\u00a0\u00bb scene_position=\u00a0\u00bbcenter\u00a0\u00bb text_color=\u00a0\u00bbdark\u00a0\u00bb text_align=\u00a0\u00bbleft\u00a0\u00bb bottom_padding=\u00a0\u00bb5%\u00a0\u00bb overlay_strength=\u00a0\u00bb0.3&Prime; shape_divider_position=\u00a0\u00bbbottom\u00a0\u00bb bg_image_animation=\u00a0\u00bbnone\u00a0\u00bb shape_type=\u00a0\u00bb\u00a0\u00bb][vc_column column_padding=\u00a0\u00bbno-extra-padding\u00a0\u00bb column_padding_position=\u00a0\u00bball\u00a0\u00bb background_color_opacity=\u00a0\u00bb1&Prime; background_hover_color_opacity=\u00a0\u00bb1&Prime; column_link_target=\u00a0\u00bb_self\u00a0\u00bb column_shadow=\u00a0\u00bbnone\u00a0\u00bb column_border_radius=\u00a0\u00bbnone\u00a0\u00bb width=\u00a0\u00bb1\/4&Prime; tablet_width_inherit=\u00a0\u00bbdefault\u00a0\u00bb tablet_text_alignment=\u00a0\u00bbdefault\u00a0\u00bb phone_text_alignment=\u00a0\u00bbdefault\u00a0\u00bb column_border_width=\u00a0\u00bbnone\u00a0\u00bb column_border_style=\u00a0\u00bbsolid\u00a0\u00bb bg_image_animation=\u00a0\u00bbnone\u00a0\u00bb][\/vc_column][vc_column column_padding=\u00a0\u00bbno-extra-padding\u00a0\u00bb column_padding_position=\u00a0\u00bball\u00a0\u00bb background_color_opacity=\u00a0\u00bb1&Prime; background_hover_color_opacity=\u00a0\u00bb1&Prime; column_link_target=\u00a0\u00bb_self\u00a0\u00bb column_shadow=\u00a0\u00bbnone\u00a0\u00bb column_border_radius=\u00a0\u00bbnone\u00a0\u00bb width=\u00a0\u00bb1\/2&Prime; tablet_width_inherit=\u00a0\u00bbdefault\u00a0\u00bb tablet_text_alignment=\u00a0\u00bbdefault\u00a0\u00bb phone_text_alignment=\u00a0\u00bbdefault\u00a0\u00bb column_border_width=\u00a0\u00bbnone\u00a0\u00bb column_border_style=\u00a0\u00bbsolid\u00a0\u00bb bg_image_animation=\u00a0\u00bbnone\u00a0\u00bb][vc_column_text]\n<p style=\"text-align: center;\"><em>D\u00e8s lors que vous vous inscrivez, vous reconnaissez avoir pris connaissance des avertissements ci-dessus. Vous reconnaissez \u00e9galement que vous \u00eates majeur(e).<\/em><\/p>\n[\/vc_column_text][\/vc_column][vc_column column_padding=\u00a0\u00bbno-extra-padding\u00a0\u00bb column_padding_position=\u00a0\u00bball\u00a0\u00bb background_color_opacity=\u00a0\u00bb1&Prime; background_hover_color_opacity=\u00a0\u00bb1&Prime; column_link_target=\u00a0\u00bb_self\u00a0\u00bb column_shadow=\u00a0\u00bbnone\u00a0\u00bb column_border_radius=\u00a0\u00bbnone\u00a0\u00bb width=\u00a0\u00bb1\/4&Prime; tablet_width_inherit=\u00a0\u00bbdefault\u00a0\u00bb tablet_text_alignment=\u00a0\u00bbdefault\u00a0\u00bb phone_text_alignment=\u00a0\u00bbdefault\u00a0\u00bb column_border_width=\u00a0\u00bbnone\u00a0\u00bb column_border_style=\u00a0\u00bbsolid\u00a0\u00bb bg_image_animation=\u00a0\u00bbnone\u00a0\u00bb][\/vc_column][\/vc_row]\n","protected":false},"excerpt":{"rendered":"<p>[vc_row type=\u00a0\u00bbin_container\u00a0\u00bb full_screen_row_position=\u00a0\u00bbmiddle\u00a0\u00bb scene_position=\u00a0\u00bbcenter\u00a0\u00bb text_color=\u00a0\u00bbdark\u00a0\u00bb text_align=\u00a0\u00bbleft\u00a0\u00bb top_padding=\u00a0\u00bb7%\u00a0\u00bb bottom_padding=\u00a0\u00bb7%\u00a0\u00bb overlay_strength=\u00a0\u00bb0.3&Prime; shape_divider_position=\u00a0\u00bbbottom\u00a0\u00bb bg_image_animation=\u00a0\u00bbnone\u00a0\u00bb shape_type=\u00a0\u00bb\u00a0\u00bb][vc_column column_padding=\u00a0\u00bbpadding-7-percent\u00a0\u00bb column_padding_position=\u00a0\u00bbleft-right\u00a0\u00bb background_color_opacity=\u00a0\u00bb1&Prime; background_hover_color_opacity=\u00a0\u00bb1&Prime; column_link_target=\u00a0\u00bb_self\u00a0\u00bb column_shadow=\u00a0\u00bbnone\u00a0\u00bb column_border_radius=\u00a0\u00bbnone\u00a0\u00bb width=\u00a0\u00bb1\/1&Prime; tablet_width_inherit=\u00a0\u00bbdefault\u00a0\u00bb tablet_text_alignment=\u00a0\u00bbdefault\u00a0\u00bb phone_text_alignment=\u00a0\u00bbdefault\u00a0\u00bb column_border_width=\u00a0\u00bbnone\u00a0\u00bb column_border_style=\u00a0\u00bbsolid\u00a0\u00bb bg_image_animation=\u00a0\u00bbnone\u00a0\u00bb][vc_row_inner column_margin=\u00a0\u00bbdefault\u00a0\u00bb text_align=\u00a0\u00bbleft\u00a0\u00bb][vc_column_inner column_padding=\u00a0\u00bbno-extra-padding\u00a0\u00bb column_padding_position=\u00a0\u00bball\u00a0\u00bb&#8230;<\/p>\n","protected":false},"author":2,"featured_media":0,"parent":0,"menu_order":0,"comment_status":"closed","ping_status":"closed","template":"","meta":[],"yoast_head":"<!-- This site is optimized with the Yoast SEO plugin v16.0.2 - https:\/\/yoast.com\/wordpress\/plugins\/seo\/ -->\n<title>Rejoignez-nous - FWA - Freedom and Wealth Architect<\/title>\n<meta name=\"description\" content=\"Pour vous inscrire chez FWA, vous former au trading et plus encore, c&#039;est ici ! Veuillez prendre connaissance des mises en garde de l\u2019AMF et lancez-vous.\" \/>\n<link rel=\"canonical\" href=\"https:\/\/fwarchitect.eu\/public\/lang-fr\/inscription\/\" \/>\n<meta property=\"og:locale\" content=\"fr_FR\" \/>\n<meta property=\"og:type\" content=\"article\" \/>\n<meta property=\"og:title\" content=\"Rejoignez-nous - FWA - Freedom and Wealth Architect\" \/>\n<meta property=\"og:description\" content=\"Pour vous inscrire chez FWA, vous former au trading et plus encore, c&#039;est ici ! Veuillez prendre connaissance des mises en garde de l\u2019AMF et lancez-vous.\" \/>\n<meta property=\"og:url\" content=\"https:\/\/fwarchitect.eu\/public\/lang-fr\/inscription\/\" \/>\n<meta property=\"og:site_name\" content=\"FWA - Freedom and Wealth Architect\" \/>\n<meta property=\"article:modified_time\" content=\"2020-11-27T13:59:56+00:00\" \/>\n<meta property=\"og:image\" content=\"https:\/\/become.fwarchitect.eu\/wp-content\/uploads\/2019\/04\/5847f9cbcef1014c0b5e48c8.png\" \/>\n<meta name=\"twitter:card\" content=\"summary_large_image\" \/>\n<meta name=\"twitter:label1\" content=\"Dur\u00e9e de lecture est.\">\n\t<meta name=\"twitter:data1\" content=\"6 minutes\">\n<script type=\"application\/ld+json\" class=\"yoast-schema-graph\">{\"@context\":\"https:\/\/schema.org\",\"@graph\":[{\"@type\":\"WebSite\",\"@id\":\"https:\/\/fwarchitect.eu\/public\/lang-fr\/#website\",\"url\":\"https:\/\/fwarchitect.eu\/public\/lang-fr\/\",\"name\":\"FWA - Freedom and Wealth Architect\",\"description\":\"Design the life you deserve\",\"potentialAction\":[{\"@type\":\"SearchAction\",\"target\":\"https:\/\/fwarchitect.eu\/public\/lang-fr\/?s={search_term_string}\",\"query-input\":\"required name=search_term_string\"}],\"inLanguage\":\"fr-FR\"},{\"@type\":\"ImageObject\",\"@id\":\"https:\/\/fwarchitect.eu\/public\/lang-fr\/inscription\/#primaryimage\",\"inLanguage\":\"fr-FR\",\"url\":\"https:\/\/become.fwarchitect.eu\/wp-content\/uploads\/2019\/04\/5847f9cbcef1014c0b5e48c8.png\"},{\"@type\":\"WebPage\",\"@id\":\"https:\/\/fwarchitect.eu\/public\/lang-fr\/inscription\/#webpage\",\"url\":\"https:\/\/fwarchitect.eu\/public\/lang-fr\/inscription\/\",\"name\":\"Rejoignez-nous - FWA - Freedom and Wealth Architect\",\"isPartOf\":{\"@id\":\"https:\/\/fwarchitect.eu\/public\/lang-fr\/#website\"},\"primaryImageOfPage\":{\"@id\":\"https:\/\/fwarchitect.eu\/public\/lang-fr\/inscription\/#primaryimage\"},\"datePublished\":\"2019-01-17T14:49:03+00:00\",\"dateModified\":\"2020-11-27T13:59:56+00:00\",\"description\":\"Pour vous inscrire chez FWA, vous former au trading et plus encore, c'est ici ! Veuillez prendre connaissance des mises en garde de l\\u2019AMF et lancez-vous.\",\"breadcrumb\":{\"@id\":\"https:\/\/fwarchitect.eu\/public\/lang-fr\/inscription\/#breadcrumb\"},\"inLanguage\":\"fr-FR\",\"potentialAction\":[{\"@type\":\"ReadAction\",\"target\":[\"https:\/\/fwarchitect.eu\/public\/lang-fr\/inscription\/\"]}]},{\"@type\":\"BreadcrumbList\",\"@id\":\"https:\/\/fwarchitect.eu\/public\/lang-fr\/inscription\/#breadcrumb\",\"itemListElement\":[{\"@type\":\"ListItem\",\"position\":1,\"item\":{\"@type\":\"WebPage\",\"@id\":\"https:\/\/fwarchitect.eu\/public\/lang-fr\/\",\"url\":\"https:\/\/fwarchitect.eu\/public\/lang-fr\/\",\"name\":\"Accueil\"}},{\"@type\":\"ListItem\",\"position\":2,\"item\":{\"@type\":\"WebPage\",\"@id\":\"https:\/\/fwarchitect.eu\/public\/lang-fr\/inscription\/\",\"url\":\"https:\/\/fwarchitect.eu\/public\/lang-fr\/inscription\/\",\"name\":\"Inscription\"}}]}]}<\/script>\n<!-- \/ Yoast SEO plugin. -->","_links":{"self":[{"href":"https:\/\/fwarchitect.eu\/public\/lang-fr\/wp-json\/wp\/v2\/pages\/6403"}],"collection":[{"href":"https:\/\/fwarchitect.eu\/public\/lang-fr\/wp-json\/wp\/v2\/pages"}],"about":[{"href":"https:\/\/fwarchitect.eu\/public\/lang-fr\/wp-json\/wp\/v2\/types\/page"}],"author":[{"embeddable":true,"href":"https:\/\/fwarchitect.eu\/public\/lang-fr\/wp-json\/wp\/v2\/users\/2"}],"replies":[{"embeddable":true,"href":"https:\/\/fwarchitect.eu\/public\/lang-fr\/wp-json\/wp\/v2\/comments?post=6403"}],"version-history":[{"count":29,"href":"https:\/\/fwarchitect.eu\/public\/lang-fr\/wp-json\/wp\/v2\/pages\/6403\/revisions"}],"predecessor-version":[{"id":7714,"href":"https:\/\/fwarchitect.eu\/public\/lang-fr\/wp-json\/wp\/v2\/pages\/6403\/revisions\/7714"}],"wp:attachment":[{"href":"https:\/\/fwarchitect.eu\/public\/lang-fr\/wp-json\/wp\/v2\/media?parent=6403"}],"curies":[{"name":"wp","href":"https:\/\/api.w.org\/{rel}","templated":true}]}}