{"id":6393,"date":"2019-01-17T15:46:17","date_gmt":"2019-01-17T14:46:17","guid":{"rendered":"https:\/\/fwarchitect.eu\/public\/lang-fr\/?page_id=6393"},"modified":"2019-10-31T12:05:13","modified_gmt":"2019-10-31T11:05:13","slug":"gestion-de-patrimoine-nos-offres","status":"publish","type":"page","link":"https:\/\/fwarchitect.eu\/public\/lang-fr\/gestion-de-patrimoine-nos-offres\/","title":{"rendered":"Gestion de patrimoine &#8211; Nos offres"},"content":{"rendered":"[vc_row type=\u00a0\u00bbin_container\u00a0\u00bb full_screen_row_position=\u00a0\u00bbmiddle\u00a0\u00bb scene_position=\u00a0\u00bbcenter\u00a0\u00bb text_color=\u00a0\u00bbdark\u00a0\u00bb text_align=\u00a0\u00bbleft\u00a0\u00bb top_padding=\u00a0\u00bb7%\u00a0\u00bb bottom_padding=\u00a0\u00bb5%\u00a0\u00bb overlay_strength=\u00a0\u00bb0.3&Prime; shape_divider_color=\u00a0\u00bb#dd3333&Prime; shape_divider_position=\u00a0\u00bbbottom\u00a0\u00bb bg_image_animation=\u00a0\u00bbnone\u00a0\u00bb shape_type=\u00a0\u00bbclouds\u00a0\u00bb][vc_column column_padding=\u00a0\u00bbno-extra-padding\u00a0\u00bb column_padding_position=\u00a0\u00bball\u00a0\u00bb background_color_opacity=\u00a0\u00bb1&Prime; background_hover_color_opacity=\u00a0\u00bb1&Prime; column_link_target=\u00a0\u00bb_self\u00a0\u00bb column_shadow=\u00a0\u00bbnone\u00a0\u00bb column_border_radius=\u00a0\u00bbnone\u00a0\u00bb width=\u00a0\u00bb1\/1&Prime; tablet_width_inherit=\u00a0\u00bbdefault\u00a0\u00bb tablet_text_alignment=\u00a0\u00bbdefault\u00a0\u00bb phone_text_alignment=\u00a0\u00bbdefault\u00a0\u00bb column_border_width=\u00a0\u00bbnone\u00a0\u00bb column_border_style=\u00a0\u00bbsolid\u00a0\u00bb bg_image_animation=\u00a0\u00bbnone\u00a0\u00bb][vc_row_inner column_margin=\u00a0\u00bbdefault\u00a0\u00bb text_align=\u00a0\u00bbleft\u00a0\u00bb][vc_column_inner column_padding=\u00a0\u00bbno-extra-padding\u00a0\u00bb column_padding_position=\u00a0\u00bball\u00a0\u00bb background_color_opacity=\u00a0\u00bb1&Prime; background_hover_color_opacity=\u00a0\u00bb1&Prime; font_color=\u00a0\u00bb#000000&Prime; column_shadow=\u00a0\u00bbnone\u00a0\u00bb column_border_radius=\u00a0\u00bbnone\u00a0\u00bb column_link_target=\u00a0\u00bb_self\u00a0\u00bb width=\u00a0\u00bb1\/1&Prime; tablet_width_inherit=\u00a0\u00bbdefault\u00a0\u00bb column_border_width=\u00a0\u00bbnone\u00a0\u00bb column_border_style=\u00a0\u00bbsolid\u00a0\u00bb bg_image_animation=\u00a0\u00bbnone\u00a0\u00bb][vc_column_text css=\u00a0\u00bb.vc_custom_1572519739219{padding-right: 15px !important;padding-bottom: 30px !important;padding-left: 15px !important;}\u00a0\u00bb]\n<h3 style=\"font-size: 30px; line-height: 40px; text-align: center;\"><strong>Chacun de <a href=\"https:\/\/fwarchitect.eu\/public\/lang-fr\/trading-nos-offres\/\">nos abonnements<\/a>\u00a0en trading vous donne droit gratuitement \u00e0 divers services et avantages en gestion de patrimoine<\/strong><\/h3>\n<h3 style=\"font-size: 30px; line-height: 40px; text-align: center;\"><\/h3>\n[\/vc_column_text][vc_column_text]\n<p style=\"text-align: center;\">Le tout est propos\u00e9 par notre partenaire comp\u00e9tent, <a href=\"https:\/\/fwarchitect.eu\/public\/lang-fr\/fwa-presentation\/#csc-gestion-de-patrimoine\">le cabinet de gestion patrimoniale CSC<\/a>, exclusivement pour les clients FWA<br \/>\n<strong>Boostez votre \u00e9ducation financi\u00e8re !<\/strong><\/p>\n[\/vc_column_text][\/vc_column_inner][\/vc_row_inner][\/vc_column][\/vc_row][vc_row type=\u00a0\u00bbfull_width_background\u00a0\u00bb full_screen_row_position=\u00a0\u00bbmiddle\u00a0\u00bb scene_position=\u00a0\u00bbcenter\u00a0\u00bb text_color=\u00a0\u00bbdark\u00a0\u00bb text_align=\u00a0\u00bbleft\u00a0\u00bb bottom_padding=\u00a0\u00bb5%\u00a0\u00bb overlay_strength=\u00a0\u00bb0.3&Prime; shape_divider_color=\u00a0\u00bb#ffffff\u00a0\u00bb shape_divider_position=\u00a0\u00bbboth\u00a0\u00bb bg_image_animation=\u00a0\u00bbnone\u00a0\u00bb shape_type=\u00a0\u00bbfan\u00a0\u00bb][vc_column centered_text=\u00a0\u00bbtrue\u00a0\u00bb column_padding=\u00a0\u00bbpadding-3-percent\u00a0\u00bb column_padding_position=\u00a0\u00bball\u00a0\u00bb background_color=\u00a0\u00bb#ffffff\u00a0\u00bb background_color_opacity=\u00a0\u00bb0.9&Prime; background_hover_color_opacity=\u00a0\u00bb0.5&Prime; background_image=\u00a0\u00bb7345&Prime; enable_bg_scale=\u00a0\u00bbtrue\u00a0\u00bb font_color=\u00a0\u00bb#000000&Prime; column_link_target=\u00a0\u00bb_self\u00a0\u00bb column_shadow=\u00a0\u00bbmedium_depth\u00a0\u00bb column_border_radius=\u00a0\u00bbnone\u00a0\u00bb width=\u00a0\u00bb1\/1&Prime; tablet_width_inherit=\u00a0\u00bbdefault\u00a0\u00bb tablet_text_alignment=\u00a0\u00bbdefault\u00a0\u00bb phone_text_alignment=\u00a0\u00bbdefault\u00a0\u00bb column_border_width=\u00a0\u00bb2px\u00a0\u00bb column_border_color=\u00a0\u00bb#9e9e9e\u00a0\u00bb column_border_style=\u00a0\u00bbsolid\u00a0\u00bb enable_border_animation=\u00a0\u00bbtrue\u00a0\u00bb bg_image_animation=\u00a0\u00bbnone\u00a0\u00bb][divider line_type=\u00a0\u00bbNo Line\u00a0\u00bb custom_height=\u00a0\u00bb20&Prime;]<div class=\"nectar-fancy-ul\" data-list-icon=\"steadysets-icon-arrow-right\" data-animation=\"true\" data-animation-delay=\"0\" data-color=\"extra-color-1\" data-spacing=\"default\" data-alignment=\"left\"> \n<ul>\n<li style=\"font-size: 20px;\"><strong>Des sessions live et vid\u00e9os gratuites d&rsquo;initiation \u00e0 la gestion patrimoniale<\/strong><\/li>\n<li style=\"font-size: 20px;\"><strong>20% de r\u00e9duction sur la formation compl\u00e8te de notre partenaire<\/strong><\/li>\n<li style=\"font-size: 20px;\"><strong>Des offres exclusives pour un accompagnement personnalis\u00e9 avec nos conseillers<\/strong><\/li>\n<\/ul>\n <\/div>[nectar_btn size=\u00a0\u00bbjumbo\u00a0\u00bb button_style=\u00a0\u00bbregular\u00a0\u00bb button_color_2=\u00a0\u00bbAccent-Color\u00a0\u00bb icon_family=\u00a0\u00bbnone\u00a0\u00bb url=\u00a0\u00bbhttps:\/\/fwarchitect.eu\/public\/lang-fr\/gestion-de-patrimoine-presentation\/\u00a0\u00bb text=\u00a0\u00bbJE VEUX CONNA\u00ceTRE LES D\u00c9TAILS\u00a0\u00bb css_animation=\u00a0\u00bbflash\u00a0\u00bb][divider line_type=\u00a0\u00bbNo Line\u00a0\u00bb custom_height=\u00a0\u00bb20&Prime;][\/vc_column][\/vc_row][vc_row type=\u00a0\u00bbin_container\u00a0\u00bb full_screen_row_position=\u00a0\u00bbmiddle\u00a0\u00bb scene_position=\u00a0\u00bbcenter\u00a0\u00bb text_color=\u00a0\u00bbdark\u00a0\u00bb text_align=\u00a0\u00bbcenter\u00a0\u00bb bottom_padding=\u00a0\u00bb30&Prime; overlay_strength=\u00a0\u00bb0.8&Prime; enable_shape_divider=\u00a0\u00bbtrue\u00a0\u00bb shape_divider_position=\u00a0\u00bbboth\u00a0\u00bb bg_image_animation=\u00a0\u00bbnone\u00a0\u00bb shape_type=\u00a0\u00bbtilt_alt\u00a0\u00bb][vc_column column_padding=\u00a0\u00bbpadding-7-percent\u00a0\u00bb column_padding_position=\u00a0\u00bball\u00a0\u00bb background_color_opacity=\u00a0\u00bb1&Prime; background_hover_color_opacity=\u00a0\u00bb1&Prime; font_color=\u00a0\u00bb#000000&Prime; column_link_target=\u00a0\u00bb_self\u00a0\u00bb column_shadow=\u00a0\u00bbnone\u00a0\u00bb column_border_radius=\u00a0\u00bbnone\u00a0\u00bb width=\u00a0\u00bb1\/1&Prime; tablet_width_inherit=\u00a0\u00bbdefault\u00a0\u00bb tablet_text_alignment=\u00a0\u00bbdefault\u00a0\u00bb phone_text_alignment=\u00a0\u00bbdefault\u00a0\u00bb column_border_width=\u00a0\u00bbnone\u00a0\u00bb column_border_style=\u00a0\u00bbsolid\u00a0\u00bb bg_image_animation=\u00a0\u00bbnone\u00a0\u00bb][vc_column_text css=\u00a0\u00bb.vc_custom_1556553301148{padding-top: 15px !important;padding-right: 15px !important;padding-left: 15px !important;}\u00a0\u00bb]\n<p style=\"text-align: center; font-size: 30px; line-height: 40px;\"><strong>Une question sur nos offres en patrimoine ?<\/strong><\/p>\n[\/vc_column_text][vc_column_text css=\u00a0\u00bb.vc_custom_1572519805771{padding-right: 15px !important;padding-bottom: 15px !important;padding-left: 15px !important;}\u00a0\u00bb]\n<p style=\"text-align: center;\">Notre partenaire et nous-m\u00eames vous r\u00e9pondrons dans les plus brefs d\u00e9lais<\/p>\n[\/vc_column_text][nectar_btn size=\u00a0\u00bbjumbo\u00a0\u00bb open_new_tab=\u00a0\u00bbtrue\u00a0\u00bb button_style=\u00a0\u00bbregular\u00a0\u00bb button_color_2=\u00a0\u00bbExtra-Color-2&Prime; icon_family=\u00a0\u00bbnone\u00a0\u00bb url=\u00a0\u00bbmailto:contact@fwarchitect.eu\u00a0\u00bb text=\u00a0\u00bbNOUS CONTACTER\u00a0\u00bb css_animation=\u00a0\u00bbnone\u00a0\u00bb][\/vc_column][\/vc_row]\n","protected":false},"excerpt":{"rendered":"<p>[vc_row type=\u00a0\u00bbin_container\u00a0\u00bb full_screen_row_position=\u00a0\u00bbmiddle\u00a0\u00bb scene_position=\u00a0\u00bbcenter\u00a0\u00bb text_color=\u00a0\u00bbdark\u00a0\u00bb text_align=\u00a0\u00bbleft\u00a0\u00bb top_padding=\u00a0\u00bb7%\u00a0\u00bb bottom_padding=\u00a0\u00bb5%\u00a0\u00bb overlay_strength=\u00a0\u00bb0.3&Prime; shape_divider_color=\u00a0\u00bb#dd3333&Prime; shape_divider_position=\u00a0\u00bbbottom\u00a0\u00bb bg_image_animation=\u00a0\u00bbnone\u00a0\u00bb shape_type=\u00a0\u00bbclouds\u00a0\u00bb][vc_column column_padding=\u00a0\u00bbno-extra-padding\u00a0\u00bb column_padding_position=\u00a0\u00bball\u00a0\u00bb background_color_opacity=\u00a0\u00bb1&Prime; background_hover_color_opacity=\u00a0\u00bb1&Prime; column_link_target=\u00a0\u00bb_self\u00a0\u00bb column_shadow=\u00a0\u00bbnone\u00a0\u00bb column_border_radius=\u00a0\u00bbnone\u00a0\u00bb width=\u00a0\u00bb1\/1&Prime; tablet_width_inherit=\u00a0\u00bbdefault\u00a0\u00bb tablet_text_alignment=\u00a0\u00bbdefault\u00a0\u00bb phone_text_alignment=\u00a0\u00bbdefault\u00a0\u00bb column_border_width=\u00a0\u00bbnone\u00a0\u00bb column_border_style=\u00a0\u00bbsolid\u00a0\u00bb bg_image_animation=\u00a0\u00bbnone\u00a0\u00bb][vc_row_inner column_margin=\u00a0\u00bbdefault\u00a0\u00bb text_align=\u00a0\u00bbleft\u00a0\u00bb][vc_column_inner column_padding=\u00a0\u00bbno-extra-padding\u00a0\u00bb&#8230;<\/p>\n","protected":false},"author":2,"featured_media":0,"parent":0,"menu_order":0,"comment_status":"closed","ping_status":"closed","template":"","meta":[],"yoast_head":"<!-- This site is optimized with the Yoast SEO plugin v16.0.2 - https:\/\/yoast.com\/wordpress\/plugins\/seo\/ -->\n<title>Avantages client en patrimoine - FWA - Freedom and Wealth Architect<\/title>\n<meta name=\"description\" content=\"Chaque abonnement de trading FWA inclut des avantages en patrimoine ! Initiation gratuite, formation agr\u00e9\u00e9e, conseils d&#039;experts... Enrichissez-vous.\" \/>\n<link rel=\"canonical\" href=\"https:\/\/fwarchitect.eu\/public\/lang-fr\/gestion-de-patrimoine-nos-offres\/\" \/>\n<meta property=\"og:locale\" content=\"fr_FR\" \/>\n<meta property=\"og:type\" content=\"article\" \/>\n<meta property=\"og:title\" content=\"Avantages client en patrimoine - FWA - Freedom and Wealth Architect\" \/>\n<meta property=\"og:description\" content=\"Chaque abonnement de trading FWA inclut des avantages en patrimoine ! Initiation gratuite, formation agr\u00e9\u00e9e, conseils d&#039;experts... Enrichissez-vous.\" \/>\n<meta property=\"og:url\" content=\"https:\/\/fwarchitect.eu\/public\/lang-fr\/gestion-de-patrimoine-nos-offres\/\" \/>\n<meta property=\"og:site_name\" content=\"FWA - Freedom and Wealth Architect\" \/>\n<meta property=\"article:modified_time\" content=\"2019-10-31T11:05:13+00:00\" \/>\n<meta property=\"og:image\" content=\"https:\/\/fwarchitect.eu\/public\/lang-fr\/wp-content\/uploads\/2019\/01\/logo-fwa-bleu.png\" \/>\n\t<meta property=\"og:image:width\" content=\"334\" \/>\n\t<meta property=\"og:image:height\" content=\"334\" \/>\n<meta name=\"twitter:card\" content=\"summary_large_image\" \/>\n<meta name=\"twitter:label1\" content=\"Dur\u00e9e de lecture est.\">\n\t<meta name=\"twitter:data1\" content=\"3 minutes\">\n<script type=\"application\/ld+json\" class=\"yoast-schema-graph\">{\"@context\":\"https:\/\/schema.org\",\"@graph\":[{\"@type\":\"WebSite\",\"@id\":\"https:\/\/fwarchitect.eu\/public\/lang-fr\/#website\",\"url\":\"https:\/\/fwarchitect.eu\/public\/lang-fr\/\",\"name\":\"FWA - Freedom and Wealth Architect\",\"description\":\"Design the life you deserve\",\"potentialAction\":[{\"@type\":\"SearchAction\",\"target\":\"https:\/\/fwarchitect.eu\/public\/lang-fr\/?s={search_term_string}\",\"query-input\":\"required name=search_term_string\"}],\"inLanguage\":\"fr-FR\"},{\"@type\":\"WebPage\",\"@id\":\"https:\/\/fwarchitect.eu\/public\/lang-fr\/gestion-de-patrimoine-nos-offres\/#webpage\",\"url\":\"https:\/\/fwarchitect.eu\/public\/lang-fr\/gestion-de-patrimoine-nos-offres\/\",\"name\":\"Avantages client en patrimoine - FWA - Freedom and Wealth Architect\",\"isPartOf\":{\"@id\":\"https:\/\/fwarchitect.eu\/public\/lang-fr\/#website\"},\"datePublished\":\"2019-01-17T14:46:17+00:00\",\"dateModified\":\"2019-10-31T11:05:13+00:00\",\"description\":\"Chaque abonnement de trading FWA inclut des avantages en patrimoine ! Initiation gratuite, formation agr\\u00e9\\u00e9e, conseils d'experts... Enrichissez-vous.\",\"breadcrumb\":{\"@id\":\"https:\/\/fwarchitect.eu\/public\/lang-fr\/gestion-de-patrimoine-nos-offres\/#breadcrumb\"},\"inLanguage\":\"fr-FR\",\"potentialAction\":[{\"@type\":\"ReadAction\",\"target\":[\"https:\/\/fwarchitect.eu\/public\/lang-fr\/gestion-de-patrimoine-nos-offres\/\"]}]},{\"@type\":\"BreadcrumbList\",\"@id\":\"https:\/\/fwarchitect.eu\/public\/lang-fr\/gestion-de-patrimoine-nos-offres\/#breadcrumb\",\"itemListElement\":[{\"@type\":\"ListItem\",\"position\":1,\"item\":{\"@type\":\"WebPage\",\"@id\":\"https:\/\/fwarchitect.eu\/public\/lang-fr\/\",\"url\":\"https:\/\/fwarchitect.eu\/public\/lang-fr\/\",\"name\":\"Accueil\"}},{\"@type\":\"ListItem\",\"position\":2,\"item\":{\"@type\":\"WebPage\",\"@id\":\"https:\/\/fwarchitect.eu\/public\/lang-fr\/gestion-de-patrimoine-nos-offres\/\",\"url\":\"https:\/\/fwarchitect.eu\/public\/lang-fr\/gestion-de-patrimoine-nos-offres\/\",\"name\":\"Gestion de patrimoine &#8211; Nos offres\"}}]}]}<\/script>\n<!-- \/ Yoast SEO plugin. -->","_links":{"self":[{"href":"https:\/\/fwarchitect.eu\/public\/lang-fr\/wp-json\/wp\/v2\/pages\/6393"}],"collection":[{"href":"https:\/\/fwarchitect.eu\/public\/lang-fr\/wp-json\/wp\/v2\/pages"}],"about":[{"href":"https:\/\/fwarchitect.eu\/public\/lang-fr\/wp-json\/wp\/v2\/types\/page"}],"author":[{"embeddable":true,"href":"https:\/\/fwarchitect.eu\/public\/lang-fr\/wp-json\/wp\/v2\/users\/2"}],"replies":[{"embeddable":true,"href":"https:\/\/fwarchitect.eu\/public\/lang-fr\/wp-json\/wp\/v2\/comments?post=6393"}],"version-history":[{"count":42,"href":"https:\/\/fwarchitect.eu\/public\/lang-fr\/wp-json\/wp\/v2\/pages\/6393\/revisions"}],"predecessor-version":[{"id":7653,"href":"https:\/\/fwarchitect.eu\/public\/lang-fr\/wp-json\/wp\/v2\/pages\/6393\/revisions\/7653"}],"wp:attachment":[{"href":"https:\/\/fwarchitect.eu\/public\/lang-fr\/wp-json\/wp\/v2\/media?parent=6393"}],"curies":[{"name":"wp","href":"https:\/\/api.w.org\/{rel}","templated":true}]}}