{"id":6385,"date":"2019-01-17T15:43:49","date_gmt":"2019-01-17T14:43:49","guid":{"rendered":"https:\/\/fwarchitect.eu\/public\/lang-fr\/?page_id=6385"},"modified":"2021-04-06T23:17:24","modified_gmt":"2021-04-06T21:17:24","slug":"faq","status":"publish","type":"page","link":"https:\/\/fwarchitect.eu\/public\/lang-fr\/faq\/","title":{"rendered":"FAQ"},"content":{"rendered":"[vc_row type=\u00a0\u00bbin_container\u00a0\u00bb full_screen_row_position=\u00a0\u00bbmiddle\u00a0\u00bb column_margin=\u00a0\u00bbdefault\u00a0\u00bb column_direction=\u00a0\u00bbdefault\u00a0\u00bb column_direction_tablet=\u00a0\u00bbdefault\u00a0\u00bb column_direction_phone=\u00a0\u00bbdefault\u00a0\u00bb scene_position=\u00a0\u00bbcenter\u00a0\u00bb top_padding=\u00a0\u00bb7%\u00a0\u00bb bottom_padding=\u00a0\u00bb5%\u00a0\u00bb text_color=\u00a0\u00bbdark\u00a0\u00bb text_align=\u00a0\u00bbleft\u00a0\u00bb row_border_radius=\u00a0\u00bbnone\u00a0\u00bb row_border_radius_applies=\u00a0\u00bbbg\u00a0\u00bb overlay_strength=\u00a0\u00bb0.3&Prime; gradient_direction=\u00a0\u00bbleft_to_right\u00a0\u00bb shape_divider_position=\u00a0\u00bbbottom\u00a0\u00bb bg_image_animation=\u00a0\u00bbnone\u00a0\u00bb shape_type=\u00a0\u00bb\u00a0\u00bb][vc_column column_padding=\u00a0\u00bbno-extra-padding\u00a0\u00bb column_padding_tablet=\u00a0\u00bbinherit\u00a0\u00bb column_padding_phone=\u00a0\u00bbinherit\u00a0\u00bb column_padding_position=\u00a0\u00bball\u00a0\u00bb column_element_spacing=\u00a0\u00bbdefault\u00a0\u00bb background_color_opacity=\u00a0\u00bb1&Prime; background_hover_color_opacity=\u00a0\u00bb1&Prime; font_color=\u00a0\u00bb#000000&Prime; column_shadow=\u00a0\u00bbnone\u00a0\u00bb column_border_radius=\u00a0\u00bbnone\u00a0\u00bb column_link_target=\u00a0\u00bb_self\u00a0\u00bb gradient_direction=\u00a0\u00bbleft_to_right\u00a0\u00bb overlay_strength=\u00a0\u00bb0.3&Prime; width=\u00a0\u00bb1\/1&Prime; tablet_width_inherit=\u00a0\u00bbdefault\u00a0\u00bb tablet_text_alignment=\u00a0\u00bbdefault\u00a0\u00bb phone_text_alignment=\u00a0\u00bbdefault\u00a0\u00bb bg_image_animation=\u00a0\u00bbnone\u00a0\u00bb border_type=\u00a0\u00bbsimple\u00a0\u00bb column_border_width=\u00a0\u00bbnone\u00a0\u00bb column_border_style=\u00a0\u00bbsolid\u00a0\u00bb][tabbed_section style=\u00a0\u00bbminimal\u00a0\u00bb alignment=\u00a0\u00bbcenter\u00a0\u00bb spacing=\u00a0\u00bbside-20px\u00a0\u00bb tab_color=\u00a0\u00bbExtra-Color-1&Prime; cta_button_style=\u00a0\u00bbaccent-color\u00a0\u00bb icon_size=\u00a0\u00bb30&Prime;][tab icon_family=\u00a0\u00bbnone\u00a0\u00bb tab_id=\u00a0\u00bb1617743720578-1&Prime; title=\u00a0\u00bbTrading\u00a0\u00bb id=\u00a0\u00bb1617743720577-10&Prime;][vc_row_inner equal_height=\u00a0\u00bbyes\u00a0\u00bb column_margin=\u00a0\u00bbdefault\u00a0\u00bb column_direction=\u00a0\u00bbdefault\u00a0\u00bb column_direction_tablet=\u00a0\u00bbdefault\u00a0\u00bb column_direction_phone=\u00a0\u00bbdefault\u00a0\u00bb text_align=\u00a0\u00bbleft\u00a0\u00bb][vc_column_inner column_padding=\u00a0\u00bbpadding-2-percent\u00a0\u00bb column_padding_tablet=\u00a0\u00bbinherit\u00a0\u00bb column_padding_phone=\u00a0\u00bbinherit\u00a0\u00bb column_padding_position=\u00a0\u00bball\u00a0\u00bb column_element_spacing=\u00a0\u00bbdefault\u00a0\u00bb background_color_opacity=\u00a0\u00bb1&Prime; background_hover_color_opacity=\u00a0\u00bb1&Prime; column_shadow=\u00a0\u00bbnone\u00a0\u00bb column_border_radius=\u00a0\u00bbnone\u00a0\u00bb column_link_target=\u00a0\u00bb_self\u00a0\u00bb gradient_direction=\u00a0\u00bbleft_to_right\u00a0\u00bb overlay_strength=\u00a0\u00bb0.3&Prime; width=\u00a0\u00bb1\/2&Prime; tablet_width_inherit=\u00a0\u00bbdefault\u00a0\u00bb bg_image_animation=\u00a0\u00bbnone\u00a0\u00bb border_type=\u00a0\u00bbsimple\u00a0\u00bb column_border_width=\u00a0\u00bbnone\u00a0\u00bb column_border_style=\u00a0\u00bbsolid\u00a0\u00bb][vc_column_text css=\u00a0\u00bb.vc_custom_1556544021092{padding-top: 15px !important;padding-right: 15px !important;padding-bottom: 15px !important;padding-left: 15px !important;}\u00a0\u00bb]\n<p style=\"font-size: 25px; line-height: 35px; color: #314eae;\"><strong>\u25b6\ufe0e<\/strong><strong>\u00a0Faut-il obligatoirement ouvrir un compte de trading en rejoignant FWA ?<\/strong><\/p>\n[\/vc_column_text][vc_column_text css=\u00a0\u00bb.vc_custom_1572513302559{padding-top: 15px !important;padding-right: 15px !important;padding-bottom: 15px !important;padding-left: 15px !important;}\u00a0\u00bb]FWA ne vous oblige aucunement \u00e0 ouvrir un compte de trading.<\/p>\n<p>Au d\u00e9marrage de votre formation, nous vous conseillons toutefois de vous cr\u00e9er un compte de d\u00e9monstration, cr\u00e9dit\u00e9 de fonds fictifs. Ce compte vous permet de vous entra\u00eener au trading avant de passer sur un compte r\u00e9el, si vous le souhaitez, sans mettre vos finances en jeu.<\/p>\n<p>FWA\u00a0collabore avec\u00a0<a href=\"https:\/\/fwarchitect.eu\/public\/lang-fr\/fwa-presentation\/\">plusieurs courtiers partenaires<\/a> qui peuvent vous mettre un compte fictif \u00e0 disposition.[\/vc_column_text][\/vc_column_inner][vc_column_inner column_padding=\u00a0\u00bbpadding-2-percent\u00a0\u00bb column_padding_tablet=\u00a0\u00bbinherit\u00a0\u00bb column_padding_phone=\u00a0\u00bbinherit\u00a0\u00bb column_padding_position=\u00a0\u00bball\u00a0\u00bb column_element_spacing=\u00a0\u00bbdefault\u00a0\u00bb background_color_opacity=\u00a0\u00bb1&Prime; background_hover_color_opacity=\u00a0\u00bb1&Prime; column_shadow=\u00a0\u00bbnone\u00a0\u00bb column_border_radius=\u00a0\u00bbnone\u00a0\u00bb column_link_target=\u00a0\u00bb_self\u00a0\u00bb gradient_direction=\u00a0\u00bbleft_to_right\u00a0\u00bb overlay_strength=\u00a0\u00bb0.3&Prime; width=\u00a0\u00bb1\/2&Prime; tablet_width_inherit=\u00a0\u00bbdefault\u00a0\u00bb bg_image_animation=\u00a0\u00bbnone\u00a0\u00bb border_type=\u00a0\u00bbsimple\u00a0\u00bb column_border_width=\u00a0\u00bbnone\u00a0\u00bb column_border_style=\u00a0\u00bbsolid\u00a0\u00bb][vc_column_text css=\u00a0\u00bb.vc_custom_1556544409444{padding-top: 15px !important;padding-right: 15px !important;padding-bottom: 15px !important;padding-left: 15px !important;}\u00a0\u00bb]\n<p style=\"font-size: 25px; line-height: 35px; color: #314eae;\"><strong>\u25b6\ufe0e<\/strong><strong>\u00a0Est-ce risqu\u00e9 d&rsquo;ouvrir un compte de trading ?<\/strong><\/p>\n[\/vc_column_text][vc_column_text css=\u00a0\u00bb.vc_custom_1556544551614{padding-top: 15px !important;padding-right: 15px !important;padding-bottom: 15px !important;padding-left: 15px !important;}\u00a0\u00bb]Nous vous recommandons de vous\u00a0renseigner sur le broker aupr\u00e8s duquel vous souhaitez ouvrir un compte de trading.<\/p>\n<p>Chez un broker r\u00e9gul\u00e9, l&rsquo;ouverture d&rsquo;un compte de trading ne comporte aucun risque en soi. Votre argent est disponible \u00e0 tout moment, quand vous le souhaitez, et aucun ordre n&rsquo;est pass\u00e9 automatiquement en bourse, sauf sur votre demande aupr\u00e8s du courtier.[\/vc_column_text][\/vc_column_inner][\/vc_row_inner][\/tab][tab icon_family=\u00a0\u00bbnone\u00a0\u00bb tab_id=\u00a0\u00bb1617743720937-6&Prime; title=\u00a0\u00bbProtection des donn\u00e9es\u00a0\u00bb id=\u00a0\u00bb1617743720936-5&Prime;][vc_row_inner equal_height=\u00a0\u00bbyes\u00a0\u00bb column_margin=\u00a0\u00bbdefault\u00a0\u00bb column_direction=\u00a0\u00bbdefault\u00a0\u00bb column_direction_tablet=\u00a0\u00bbdefault\u00a0\u00bb column_direction_phone=\u00a0\u00bbdefault\u00a0\u00bb text_align=\u00a0\u00bbleft\u00a0\u00bb][vc_column_inner column_padding=\u00a0\u00bbpadding-2-percent\u00a0\u00bb column_padding_tablet=\u00a0\u00bbinherit\u00a0\u00bb column_padding_phone=\u00a0\u00bbinherit\u00a0\u00bb column_padding_position=\u00a0\u00bball\u00a0\u00bb column_element_spacing=\u00a0\u00bbdefault\u00a0\u00bb background_color_opacity=\u00a0\u00bb1&Prime; background_hover_color_opacity=\u00a0\u00bb1&Prime; column_shadow=\u00a0\u00bbnone\u00a0\u00bb column_border_radius=\u00a0\u00bbnone\u00a0\u00bb column_link_target=\u00a0\u00bb_self\u00a0\u00bb gradient_direction=\u00a0\u00bbleft_to_right\u00a0\u00bb overlay_strength=\u00a0\u00bb0.3&Prime; width=\u00a0\u00bb1\/2&Prime; tablet_width_inherit=\u00a0\u00bbdefault\u00a0\u00bb bg_image_animation=\u00a0\u00bbnone\u00a0\u00bb enable_animation=\u00a0\u00bbtrue\u00a0\u00bb animation=\u00a0\u00bbfade-in-from-left\u00a0\u00bb border_type=\u00a0\u00bbsimple\u00a0\u00bb column_border_width=\u00a0\u00bbnone\u00a0\u00bb column_border_style=\u00a0\u00bbsolid\u00a0\u00bb][vc_column_text css=\u00a0\u00bb.vc_custom_1556545702052{padding-top: 15px !important;padding-right: 15px !important;padding-bottom: 15px !important;padding-left: 15px !important;}\u00a0\u00bb]\n<p style=\"font-size: 25px; line-height: 35px; color: #314eae;\"><strong>\u25b6\ufe0e Comment sont trait\u00e9es mes donn\u00e9es personnelles (nom, pr\u00e9nom, email, etc.)<\/strong><strong>\u00a0?<\/strong><\/p>\n[\/vc_column_text][vc_column_text css=\u00a0\u00bb.vc_custom_1557774011349{padding-top: 15px !important;padding-right: 15px !important;padding-bottom: 15px !important;padding-left: 15px !important;}\u00a0\u00bb]FWA n&rsquo;utilise vos donn\u00e9es personnelles qu&rsquo;\u00e0 ses propres fins. Nous les utilisons pour vous envoyer des informations diverses concernant FWA, ses services et ses partenaires.<\/p>\n<p>Vos donn\u00e9es personnelles ne peuvent \u00eatre revendues \u00e0 une tierce partie. Elles sont conserv\u00e9es dans les bases de donn\u00e9es qui appartiennent uniquement \u00e0 FWA.<\/p>\n<p>Dans chacune des communications que vous recevez par email, vous pouvez \u00e0 tout moment vous d\u00e9sabonner de notre liste de contacts.<\/p>\n<p>Vous rejoignez l&rsquo;une de nos listes de contacts d\u00e8s lors que vous souscrivez \u00e0 nos services et\/ou si vous vous \u00eates abonn\u00e9(e) \u00e0 l&rsquo;une d&rsquo;elle via un formulaire d&rsquo;inscription \u00e0 une newsletter, un \u00e9v\u00e9nement, etc. Chacun de ces formulaires d&rsquo;inscription vous sp\u00e9cifie le cadre dans lequel nous pouvons vous contacter.<\/p>\n<p>Pour en savoir plus sur le traitement de vos donn\u00e9es personnelles, nous invitons \u00e0 <a href=\"https:\/\/fwarchitect.eu\/privacy-policy\">consulter notre politique de confidentialit\u00e9<\/a>.[\/vc_column_text][\/vc_column_inner][\/vc_row_inner][\/tab][\/tabbed_section][\/vc_column][\/vc_row]\n","protected":false},"excerpt":{"rendered":"<p>[vc_row type=\u00a0\u00bbin_container\u00a0\u00bb full_screen_row_position=\u00a0\u00bbmiddle\u00a0\u00bb column_margin=\u00a0\u00bbdefault\u00a0\u00bb column_direction=\u00a0\u00bbdefault\u00a0\u00bb column_direction_tablet=\u00a0\u00bbdefault\u00a0\u00bb column_direction_phone=\u00a0\u00bbdefault\u00a0\u00bb scene_position=\u00a0\u00bbcenter\u00a0\u00bb top_padding=\u00a0\u00bb7%\u00a0\u00bb bottom_padding=\u00a0\u00bb5%\u00a0\u00bb text_color=\u00a0\u00bbdark\u00a0\u00bb text_align=\u00a0\u00bbleft\u00a0\u00bb row_border_radius=\u00a0\u00bbnone\u00a0\u00bb row_border_radius_applies=\u00a0\u00bbbg\u00a0\u00bb overlay_strength=\u00a0\u00bb0.3&Prime; gradient_direction=\u00a0\u00bbleft_to_right\u00a0\u00bb shape_divider_position=\u00a0\u00bbbottom\u00a0\u00bb bg_image_animation=\u00a0\u00bbnone\u00a0\u00bb shape_type=\u00a0\u00bb\u00a0\u00bb][vc_column column_padding=\u00a0\u00bbno-extra-padding\u00a0\u00bb column_padding_tablet=\u00a0\u00bbinherit\u00a0\u00bb column_padding_phone=\u00a0\u00bbinherit\u00a0\u00bb column_padding_position=\u00a0\u00bball\u00a0\u00bb column_element_spacing=\u00a0\u00bbdefault\u00a0\u00bb background_color_opacity=\u00a0\u00bb1&Prime; background_hover_color_opacity=\u00a0\u00bb1&Prime; font_color=\u00a0\u00bb#000000&Prime; column_shadow=\u00a0\u00bbnone\u00a0\u00bb column_border_radius=\u00a0\u00bbnone\u00a0\u00bb column_link_target=\u00a0\u00bb_self\u00a0\u00bb&#8230;<\/p>\n","protected":false},"author":2,"featured_media":0,"parent":0,"menu_order":0,"comment_status":"closed","ping_status":"closed","template":"","meta":[],"yoast_head":"<!-- This site is optimized with the Yoast SEO plugin v16.0.2 - https:\/\/yoast.com\/wordpress\/plugins\/seo\/ -->\n<title>FAQ - FWA - Freedom and Wealth Architect<\/title>\n<link rel=\"canonical\" href=\"https:\/\/fwarchitect.eu\/public\/lang-fr\/faq\/\" \/>\n<meta property=\"og:locale\" content=\"fr_FR\" \/>\n<meta property=\"og:type\" content=\"article\" \/>\n<meta property=\"og:title\" content=\"FAQ - FWA - Freedom and Wealth Architect\" \/>\n<meta property=\"og:description\" content=\"[vc_row type=\u00a0\u00bbin_container\u00a0\u00bb full_screen_row_position=\u00a0\u00bbmiddle\u00a0\u00bb column_margin=\u00a0\u00bbdefault\u00a0\u00bb column_direction=\u00a0\u00bbdefault\u00a0\u00bb column_direction_tablet=\u00a0\u00bbdefault\u00a0\u00bb column_direction_phone=\u00a0\u00bbdefault\u00a0\u00bb scene_position=\u00a0\u00bbcenter\u00a0\u00bb top_padding=\u00a0\u00bb7%\u00a0\u00bb bottom_padding=\u00a0\u00bb5%\u00a0\u00bb text_color=\u00a0\u00bbdark\u00a0\u00bb text_align=\u00a0\u00bbleft\u00a0\u00bb row_border_radius=\u00a0\u00bbnone\u00a0\u00bb row_border_radius_applies=\u00a0\u00bbbg\u00a0\u00bb overlay_strength=\u00a0\u00bb0.3&Prime; gradient_direction=\u00a0\u00bbleft_to_right\u00a0\u00bb shape_divider_position=\u00a0\u00bbbottom\u00a0\u00bb bg_image_animation=\u00a0\u00bbnone\u00a0\u00bb shape_type=\u00a0\u00bb\u00a0\u00bb][vc_column column_padding=\u00a0\u00bbno-extra-padding\u00a0\u00bb column_padding_tablet=\u00a0\u00bbinherit\u00a0\u00bb column_padding_phone=\u00a0\u00bbinherit\u00a0\u00bb column_padding_position=\u00a0\u00bball\u00a0\u00bb column_element_spacing=\u00a0\u00bbdefault\u00a0\u00bb background_color_opacity=\u00a0\u00bb1&Prime; background_hover_color_opacity=\u00a0\u00bb1&Prime; font_color=\u00a0\u00bb#000000&Prime; column_shadow=\u00a0\u00bbnone\u00a0\u00bb column_border_radius=\u00a0\u00bbnone\u00a0\u00bb column_link_target=\u00a0\u00bb_self\u00a0\u00bb...\" \/>\n<meta property=\"og:url\" content=\"https:\/\/fwarchitect.eu\/public\/lang-fr\/faq\/\" \/>\n<meta property=\"og:site_name\" content=\"FWA - Freedom and Wealth Architect\" \/>\n<meta property=\"article:modified_time\" content=\"2021-04-06T21:17:24+00:00\" \/>\n<meta property=\"og:image\" content=\"https:\/\/fwarchitect.eu\/public\/lang-fr\/wp-content\/uploads\/2019\/01\/logo-fwa-bleu.png\" \/>\n\t<meta property=\"og:image:width\" content=\"334\" \/>\n\t<meta property=\"og:image:height\" content=\"334\" \/>\n<meta name=\"twitter:card\" content=\"summary_large_image\" \/>\n<meta name=\"twitter:label1\" content=\"Dur\u00e9e de lecture est.\">\n\t<meta name=\"twitter:data1\" content=\"3 minutes\">\n<script type=\"application\/ld+json\" class=\"yoast-schema-graph\">{\"@context\":\"https:\/\/schema.org\",\"@graph\":[{\"@type\":\"WebSite\",\"@id\":\"https:\/\/fwarchitect.eu\/public\/lang-fr\/#website\",\"url\":\"https:\/\/fwarchitect.eu\/public\/lang-fr\/\",\"name\":\"FWA - Freedom and Wealth Architect\",\"description\":\"Design the life you deserve\",\"potentialAction\":[{\"@type\":\"SearchAction\",\"target\":\"https:\/\/fwarchitect.eu\/public\/lang-fr\/?s={search_term_string}\",\"query-input\":\"required name=search_term_string\"}],\"inLanguage\":\"fr-FR\"},{\"@type\":\"WebPage\",\"@id\":\"https:\/\/fwarchitect.eu\/public\/lang-fr\/faq\/#webpage\",\"url\":\"https:\/\/fwarchitect.eu\/public\/lang-fr\/faq\/\",\"name\":\"FAQ - FWA - Freedom and Wealth Architect\",\"isPartOf\":{\"@id\":\"https:\/\/fwarchitect.eu\/public\/lang-fr\/#website\"},\"datePublished\":\"2019-01-17T14:43:49+00:00\",\"dateModified\":\"2021-04-06T21:17:24+00:00\",\"breadcrumb\":{\"@id\":\"https:\/\/fwarchitect.eu\/public\/lang-fr\/faq\/#breadcrumb\"},\"inLanguage\":\"fr-FR\",\"potentialAction\":[{\"@type\":\"ReadAction\",\"target\":[\"https:\/\/fwarchitect.eu\/public\/lang-fr\/faq\/\"]}]},{\"@type\":\"BreadcrumbList\",\"@id\":\"https:\/\/fwarchitect.eu\/public\/lang-fr\/faq\/#breadcrumb\",\"itemListElement\":[{\"@type\":\"ListItem\",\"position\":1,\"item\":{\"@type\":\"WebPage\",\"@id\":\"https:\/\/fwarchitect.eu\/public\/lang-fr\/\",\"url\":\"https:\/\/fwarchitect.eu\/public\/lang-fr\/\",\"name\":\"Accueil\"}},{\"@type\":\"ListItem\",\"position\":2,\"item\":{\"@type\":\"WebPage\",\"@id\":\"https:\/\/fwarchitect.eu\/public\/lang-fr\/faq\/\",\"url\":\"https:\/\/fwarchitect.eu\/public\/lang-fr\/faq\/\",\"name\":\"FAQ\"}}]}]}<\/script>\n<!-- \/ Yoast SEO plugin. -->","_links":{"self":[{"href":"https:\/\/fwarchitect.eu\/public\/lang-fr\/wp-json\/wp\/v2\/pages\/6385"}],"collection":[{"href":"https:\/\/fwarchitect.eu\/public\/lang-fr\/wp-json\/wp\/v2\/pages"}],"about":[{"href":"https:\/\/fwarchitect.eu\/public\/lang-fr\/wp-json\/wp\/v2\/types\/page"}],"author":[{"embeddable":true,"href":"https:\/\/fwarchitect.eu\/public\/lang-fr\/wp-json\/wp\/v2\/users\/2"}],"replies":[{"embeddable":true,"href":"https:\/\/fwarchitect.eu\/public\/lang-fr\/wp-json\/wp\/v2\/comments?post=6385"}],"version-history":[{"count":24,"href":"https:\/\/fwarchitect.eu\/public\/lang-fr\/wp-json\/wp\/v2\/pages\/6385\/revisions"}],"predecessor-version":[{"id":7490,"href":"https:\/\/fwarchitect.eu\/public\/lang-fr\/wp-json\/wp\/v2\/pages\/6385\/revisions\/7490"}],"wp:attachment":[{"href":"https:\/\/fwarchitect.eu\/public\/lang-fr\/wp-json\/wp\/v2\/media?parent=6385"}],"curies":[{"name":"wp","href":"https:\/\/api.w.org\/{rel}","templated":true}]}}