{"id":6365,"date":"2019-01-17T15:39:19","date_gmt":"2019-01-17T14:39:19","guid":{"rendered":"https:\/\/fwarchitect.eu\/public\/lang-fr\/?page_id=6365"},"modified":"2019-10-31T10:17:08","modified_gmt":"2019-10-31T09:17:08","slug":"trading","status":"publish","type":"page","link":"https:\/\/fwarchitect.eu\/public\/lang-fr\/trading\/","title":{"rendered":"Trading"},"content":{"rendered":"[vc_row type=\u00a0\u00bbfull_width_content\u00a0\u00bb full_screen_row_position=\u00a0\u00bbmiddle\u00a0\u00bb equal_height=\u00a0\u00bbyes\u00a0\u00bb content_placement=\u00a0\u00bbmiddle\u00a0\u00bb bg_image=\u00a0\u00bb6975&Prime; bg_position=\u00a0\u00bbleft top\u00a0\u00bb bg_repeat=\u00a0\u00bbno-repeat\u00a0\u00bb full_height=\u00a0\u00bbyes\u00a0\u00bb columns_placement=\u00a0\u00bbstretch\u00a0\u00bb scene_position=\u00a0\u00bbcenter\u00a0\u00bb text_color=\u00a0\u00bbcustom\u00a0\u00bb custom_text_color=\u00a0\u00bb#ffffff\u00a0\u00bb text_align=\u00a0\u00bbleft\u00a0\u00bb color_overlay=\u00a0\u00bb#ffffff\u00a0\u00bb overlay_strength=\u00a0\u00bb0.3&Prime; shape_divider_position=\u00a0\u00bbbottom\u00a0\u00bb bg_image_animation=\u00a0\u00bbnone\u00a0\u00bb shape_type=\u00a0\u00bb\u00a0\u00bb][vc_column centered_text=\u00a0\u00bbtrue\u00a0\u00bb column_padding=\u00a0\u00bbpadding-6-percent\u00a0\u00bb column_padding_position=\u00a0\u00bball\u00a0\u00bb background_color_opacity=\u00a0\u00bb0.3&Prime; background_color_hover=\u00a0\u00bb#ffffff\u00a0\u00bb background_hover_color_opacity=\u00a0\u00bb0.7&Prime; background_image=\u00a0\u00bb7375&Prime; enable_bg_scale=\u00a0\u00bbtrue\u00a0\u00bb column_link_target=\u00a0\u00bb_self\u00a0\u00bb column_shadow=\u00a0\u00bbnone\u00a0\u00bb column_border_radius=\u00a0\u00bbnone\u00a0\u00bb width=\u00a0\u00bb1\/3&Prime; tablet_width_inherit=\u00a0\u00bbdefault\u00a0\u00bb tablet_text_alignment=\u00a0\u00bbdefault\u00a0\u00bb phone_text_alignment=\u00a0\u00bbdefault\u00a0\u00bb column_border_width=\u00a0\u00bbnone\u00a0\u00bb column_border_style=\u00a0\u00bbsolid\u00a0\u00bb bg_image_animation=\u00a0\u00bbnone\u00a0\u00bb enable_animation=\u00a0\u00bbtrue\u00a0\u00bb animation=\u00a0\u00bbgrow-in\u00a0\u00bb][vc_column_text css_animation=\u00a0\u00bbslideInDown\u00a0\u00bb css=\u00a0\u00bb.vc_custom_1557479831691{padding-top: 15px !important;padding-right: 15px !important;padding-bottom: 15px !important;padding-left: 15px !important;background-color: rgba(0,0,0,0.8) !important;*background-color: rgb(0,0,0) !important;}\u00a0\u00bb]\n<p style=\"font-size: 30px; line-height: 40px; font-color: #ffffff;\">Notre offre de services en trading<\/p>\n[\/vc_column_text][nectar_btn size=\u00a0\u00bbjumbo\u00a0\u00bb button_style=\u00a0\u00bbregular\u00a0\u00bb button_color_2=\u00a0\u00bbextra-color-gradient-1&Prime; solid_text_color_override=\u00a0\u00bb#ffffff\u00a0\u00bb icon_family=\u00a0\u00bbnone\u00a0\u00bb url=\u00a0\u00bbhttps:\/\/fwarchitect.eu\/public\/lang-fr\/trading-presentation\/\u00a0\u00bb text=\u00a0\u00bbJe d\u00e9couvre\u00a0\u00bb margin_top=\u00a0\u00bb25&Prime; css_animation=\u00a0\u00bbflash\u00a0\u00bb][\/vc_column][vc_column centered_text=\u00a0\u00bbtrue\u00a0\u00bb column_padding=\u00a0\u00bbpadding-6-percent\u00a0\u00bb column_padding_position=\u00a0\u00bball\u00a0\u00bb background_color_opacity=\u00a0\u00bb0.3&Prime; background_color_hover=\u00a0\u00bb#ffffff\u00a0\u00bb background_hover_color_opacity=\u00a0\u00bb0.7&Prime; background_image=\u00a0\u00bb7376&Prime; enable_bg_scale=\u00a0\u00bbtrue\u00a0\u00bb column_link_target=\u00a0\u00bb_self\u00a0\u00bb column_shadow=\u00a0\u00bbnone\u00a0\u00bb column_border_radius=\u00a0\u00bbnone\u00a0\u00bb width=\u00a0\u00bb1\/3&Prime; tablet_width_inherit=\u00a0\u00bbdefault\u00a0\u00bb tablet_text_alignment=\u00a0\u00bbdefault\u00a0\u00bb phone_text_alignment=\u00a0\u00bbdefault\u00a0\u00bb column_border_width=\u00a0\u00bbnone\u00a0\u00bb column_border_style=\u00a0\u00bbsolid\u00a0\u00bb bg_image_animation=\u00a0\u00bbnone\u00a0\u00bb enable_animation=\u00a0\u00bbtrue\u00a0\u00bb animation=\u00a0\u00bbgrow-in\u00a0\u00bb delay=\u00a0\u00bb50&Prime;][vc_column_text css_animation=\u00a0\u00bbslideInDown\u00a0\u00bb css=\u00a0\u00bb.vc_custom_1557479841810{padding-top: 15px !important;padding-right: 15px !important;padding-bottom: 15px !important;padding-left: 15px !important;background-color: rgba(0,0,0,0.8) !important;*background-color: rgb(0,0,0) !important;}\u00a0\u00bb]\n<p style=\"font-size: 30px; line-height: 40px; font-color: #ffffff;\">Nos offres tarifaires en trading<\/p>\n[\/vc_column_text][nectar_btn size=\u00a0\u00bbjumbo\u00a0\u00bb button_style=\u00a0\u00bbregular\u00a0\u00bb button_color_2=\u00a0\u00bbextra-color-gradient-1&Prime; solid_text_color_override=\u00a0\u00bb#ffffff\u00a0\u00bb icon_family=\u00a0\u00bbnone\u00a0\u00bb url=\u00a0\u00bbhttps:\/\/fwarchitect.eu\/public\/lang-fr\/trading-nos-offres\/\u00a0\u00bb text=\u00a0\u00bbJe fais mon choix\u00a0\u00bb margin_top=\u00a0\u00bb25&Prime; css_animation=\u00a0\u00bbflash\u00a0\u00bb][\/vc_column][vc_column centered_text=\u00a0\u00bbtrue\u00a0\u00bb column_padding=\u00a0\u00bbpadding-6-percent\u00a0\u00bb column_padding_position=\u00a0\u00bball\u00a0\u00bb background_color_opacity=\u00a0\u00bb0.3&Prime; background_color_hover=\u00a0\u00bb#ffffff\u00a0\u00bb background_hover_color_opacity=\u00a0\u00bb0.7&Prime; background_image=\u00a0\u00bb7377&Prime; enable_bg_scale=\u00a0\u00bbtrue\u00a0\u00bb column_link_target=\u00a0\u00bb_self\u00a0\u00bb column_shadow=\u00a0\u00bbnone\u00a0\u00bb column_border_radius=\u00a0\u00bbnone\u00a0\u00bb width=\u00a0\u00bb1\/3&Prime; tablet_width_inherit=\u00a0\u00bbdefault\u00a0\u00bb tablet_text_alignment=\u00a0\u00bbdefault\u00a0\u00bb phone_text_alignment=\u00a0\u00bbdefault\u00a0\u00bb column_border_width=\u00a0\u00bbnone\u00a0\u00bb column_border_style=\u00a0\u00bbsolid\u00a0\u00bb bg_image_animation=\u00a0\u00bbnone\u00a0\u00bb enable_animation=\u00a0\u00bbtrue\u00a0\u00bb animation=\u00a0\u00bbgrow-in\u00a0\u00bb delay=\u00a0\u00bb100&Prime;][vc_column_text css_animation=\u00a0\u00bbslideInDown\u00a0\u00bb css=\u00a0\u00bb.vc_custom_1557479850988{padding-top: 15px !important;padding-right: 15px !important;padding-bottom: 15px !important;padding-left: 15px !important;background-color: rgba(0,0,0,0.8) !important;*background-color: rgb(0,0,0) !important;}\u00a0\u00bb]\n<p style=\"font-size: 30px; line-height: 40px; font-color: #ffffff;\">Vous renseigner sur le trading<\/p>\n[\/vc_column_text][nectar_btn size=\u00a0\u00bbjumbo\u00a0\u00bb button_style=\u00a0\u00bbregular\u00a0\u00bb button_color_2=\u00a0\u00bbextra-color-gradient-1&Prime; solid_text_color_override=\u00a0\u00bb#ffffff\u00a0\u00bb icon_family=\u00a0\u00bbnone\u00a0\u00bb url=\u00a0\u00bbhttps:\/\/fwarchitect.eu\/public\/lang-fr\/trading-aller-plus-loin\/\u00a0\u00bb text=\u00a0\u00bbJe me cultive\u00a0\u00bb margin_top=\u00a0\u00bb25&Prime; css_animation=\u00a0\u00bbflash\u00a0\u00bb][\/vc_column][\/vc_row]\n","protected":false},"excerpt":{"rendered":"<p>[vc_row type=\u00a0\u00bbfull_width_content\u00a0\u00bb full_screen_row_position=\u00a0\u00bbmiddle\u00a0\u00bb equal_height=\u00a0\u00bbyes\u00a0\u00bb content_placement=\u00a0\u00bbmiddle\u00a0\u00bb bg_image=\u00a0\u00bb6975&Prime; bg_position=\u00a0\u00bbleft top\u00a0\u00bb bg_repeat=\u00a0\u00bbno-repeat\u00a0\u00bb full_height=\u00a0\u00bbyes\u00a0\u00bb columns_placement=\u00a0\u00bbstretch\u00a0\u00bb scene_position=\u00a0\u00bbcenter\u00a0\u00bb text_color=\u00a0\u00bbcustom\u00a0\u00bb custom_text_color=\u00a0\u00bb#ffffff\u00a0\u00bb text_align=\u00a0\u00bbleft\u00a0\u00bb color_overlay=\u00a0\u00bb#ffffff\u00a0\u00bb overlay_strength=\u00a0\u00bb0.3&Prime; shape_divider_position=\u00a0\u00bbbottom\u00a0\u00bb bg_image_animation=\u00a0\u00bbnone\u00a0\u00bb shape_type=\u00a0\u00bb\u00a0\u00bb][vc_column centered_text=\u00a0\u00bbtrue\u00a0\u00bb column_padding=\u00a0\u00bbpadding-6-percent\u00a0\u00bb column_padding_position=\u00a0\u00bball\u00a0\u00bb background_color_opacity=\u00a0\u00bb0.3&Prime; background_color_hover=\u00a0\u00bb#ffffff\u00a0\u00bb background_hover_color_opacity=\u00a0\u00bb0.7&Prime; background_image=\u00a0\u00bb7375&Prime; enable_bg_scale=\u00a0\u00bbtrue\u00a0\u00bb column_link_target=\u00a0\u00bb_self\u00a0\u00bb column_shadow=\u00a0\u00bbnone\u00a0\u00bb&#8230;<\/p>\n","protected":false},"author":2,"featured_media":0,"parent":0,"menu_order":0,"comment_status":"closed","ping_status":"closed","template":"","meta":[],"yoast_head":"<!-- This site is optimized with the Yoast SEO plugin v16.0.2 - https:\/\/yoast.com\/wordpress\/plugins\/seo\/ -->\n<title>FWA, communaut\u00e9 de trading - Freedom and Wealth Architect<\/title>\n<meta name=\"description\" content=\"Formez-vous avec FWA et boostez votre trading ! Formation cr\u00e9\u00e9e par des traders professionnels. B\u00e9n\u00e9ficiez en plus du meilleur terminal de trading.\" \/>\n<link rel=\"canonical\" href=\"https:\/\/fwarchitect.eu\/public\/lang-fr\/trading\/\" \/>\n<meta property=\"og:locale\" content=\"fr_FR\" \/>\n<meta property=\"og:type\" content=\"article\" \/>\n<meta property=\"og:title\" content=\"FWA, communaut\u00e9 de trading - Freedom and Wealth Architect\" \/>\n<meta property=\"og:description\" content=\"Formez-vous avec FWA et boostez votre trading ! Formation cr\u00e9\u00e9e par des traders professionnels. B\u00e9n\u00e9ficiez en plus du meilleur terminal de trading.\" \/>\n<meta property=\"og:url\" content=\"https:\/\/fwarchitect.eu\/public\/lang-fr\/trading\/\" \/>\n<meta property=\"og:site_name\" content=\"FWA - Freedom and Wealth Architect\" \/>\n<meta property=\"article:modified_time\" content=\"2019-10-31T09:17:08+00:00\" \/>\n<meta property=\"og:image\" content=\"https:\/\/fwarchitect.eu\/public\/lang-fr\/wp-content\/uploads\/2019\/01\/logo-fwa-bleu.png\" \/>\n\t<meta property=\"og:image:width\" content=\"334\" \/>\n\t<meta property=\"og:image:height\" content=\"334\" \/>\n<meta name=\"twitter:card\" content=\"summary_large_image\" \/>\n<meta name=\"twitter:label1\" content=\"Dur\u00e9e de lecture est.\">\n\t<meta name=\"twitter:data1\" content=\"2 minutes\">\n<script type=\"application\/ld+json\" class=\"yoast-schema-graph\">{\"@context\":\"https:\/\/schema.org\",\"@graph\":[{\"@type\":\"WebSite\",\"@id\":\"https:\/\/fwarchitect.eu\/public\/lang-fr\/#website\",\"url\":\"https:\/\/fwarchitect.eu\/public\/lang-fr\/\",\"name\":\"FWA - Freedom and Wealth Architect\",\"description\":\"Design the life you deserve\",\"potentialAction\":[{\"@type\":\"SearchAction\",\"target\":\"https:\/\/fwarchitect.eu\/public\/lang-fr\/?s={search_term_string}\",\"query-input\":\"required name=search_term_string\"}],\"inLanguage\":\"fr-FR\"},{\"@type\":\"WebPage\",\"@id\":\"https:\/\/fwarchitect.eu\/public\/lang-fr\/trading\/#webpage\",\"url\":\"https:\/\/fwarchitect.eu\/public\/lang-fr\/trading\/\",\"name\":\"FWA, communaut\\u00e9 de trading - Freedom and Wealth Architect\",\"isPartOf\":{\"@id\":\"https:\/\/fwarchitect.eu\/public\/lang-fr\/#website\"},\"datePublished\":\"2019-01-17T14:39:19+00:00\",\"dateModified\":\"2019-10-31T09:17:08+00:00\",\"description\":\"Formez-vous avec FWA et boostez votre trading ! Formation cr\\u00e9\\u00e9e par des traders professionnels. B\\u00e9n\\u00e9ficiez en plus du meilleur terminal de trading.\",\"breadcrumb\":{\"@id\":\"https:\/\/fwarchitect.eu\/public\/lang-fr\/trading\/#breadcrumb\"},\"inLanguage\":\"fr-FR\",\"potentialAction\":[{\"@type\":\"ReadAction\",\"target\":[\"https:\/\/fwarchitect.eu\/public\/lang-fr\/trading\/\"]}]},{\"@type\":\"BreadcrumbList\",\"@id\":\"https:\/\/fwarchitect.eu\/public\/lang-fr\/trading\/#breadcrumb\",\"itemListElement\":[{\"@type\":\"ListItem\",\"position\":1,\"item\":{\"@type\":\"WebPage\",\"@id\":\"https:\/\/fwarchitect.eu\/public\/lang-fr\/\",\"url\":\"https:\/\/fwarchitect.eu\/public\/lang-fr\/\",\"name\":\"Accueil\"}},{\"@type\":\"ListItem\",\"position\":2,\"item\":{\"@type\":\"WebPage\",\"@id\":\"https:\/\/fwarchitect.eu\/public\/lang-fr\/trading\/\",\"url\":\"https:\/\/fwarchitect.eu\/public\/lang-fr\/trading\/\",\"name\":\"Trading\"}}]}]}<\/script>\n<!-- \/ Yoast SEO plugin. -->","_links":{"self":[{"href":"https:\/\/fwarchitect.eu\/public\/lang-fr\/wp-json\/wp\/v2\/pages\/6365"}],"collection":[{"href":"https:\/\/fwarchitect.eu\/public\/lang-fr\/wp-json\/wp\/v2\/pages"}],"about":[{"href":"https:\/\/fwarchitect.eu\/public\/lang-fr\/wp-json\/wp\/v2\/types\/page"}],"author":[{"embeddable":true,"href":"https:\/\/fwarchitect.eu\/public\/lang-fr\/wp-json\/wp\/v2\/users\/2"}],"replies":[{"embeddable":true,"href":"https:\/\/fwarchitect.eu\/public\/lang-fr\/wp-json\/wp\/v2\/comments?post=6365"}],"version-history":[{"count":26,"href":"https:\/\/fwarchitect.eu\/public\/lang-fr\/wp-json\/wp\/v2\/pages\/6365\/revisions"}],"predecessor-version":[{"id":7637,"href":"https:\/\/fwarchitect.eu\/public\/lang-fr\/wp-json\/wp\/v2\/pages\/6365\/revisions\/7637"}],"wp:attachment":[{"href":"https:\/\/fwarchitect.eu\/public\/lang-fr\/wp-json\/wp\/v2\/media?parent=6365"}],"curies":[{"name":"wp","href":"https:\/\/api.w.org\/{rel}","templated":true}]}}